{"id":96,"date":"2023-10-03T15:40:23","date_gmt":"2023-10-03T13:40:23","guid":{"rendered":"http:\/\/wp.montpellier-omics-days.fr\/?page_id=96"},"modified":"2023-11-21T19:36:14","modified_gmt":"2023-11-21T18:36:14","slug":"partenaires","status":"publish","type":"page","link":"https:\/\/wp.montpellier-omics-days.fr\/index.php\/partenaires\/","title":{"rendered":"Partenaires"},"content":{"rendered":"\t\t<div data-elementor-type=\"wp-page\" data-elementor-id=\"96\" class=\"elementor elementor-96\">\n\t\t\t\t\t\t\t<div class=\"elementor-element elementor-element-809160b e-flex e-con-boxed e-con e-parent\" data-id=\"809160b\" data-element_type=\"container\" data-settings=\"{&quot;content_width&quot;:&quot;boxed&quot;}\" data-core-v316-plus=\"true\">\n\t\t\t\t\t<div class=\"e-con-inner\">\n\t\t\t\t<div class=\"elementor-element elementor-element-4626a72 elementor-widget elementor-widget-heading\" data-id=\"4626a72\" data-element_type=\"widget\" data-settings=\"{&quot;_animation&quot;:&quot;none&quot;}\" data-widget_type=\"heading.default\">\n\t\t\t\t<div class=\"elementor-widget-container\">\n\t\t\t<style>\/*! elementor - v3.18.0 - 04-12-2023 *\/\n.elementor-heading-title{padding:0;margin:0;line-height:1}.elementor-widget-heading .elementor-heading-title[class*=elementor-size-]>a{color:inherit;font-size:inherit;line-height:inherit}.elementor-widget-heading .elementor-heading-title.elementor-size-small{font-size:15px}.elementor-widget-heading .elementor-heading-title.elementor-size-medium{font-size:19px}.elementor-widget-heading .elementor-heading-title.elementor-size-large{font-size:29px}.elementor-widget-heading .elementor-heading-title.elementor-size-xl{font-size:39px}.elementor-widget-heading .elementor-heading-title.elementor-size-xxl{font-size:59px}<\/style><h2 class=\"elementor-heading-title elementor-size-default\">Un grand merci \u00e0 nos partenaires de toujours.<\/h2>\t\t<\/div>\n\t\t\t\t<\/div>\n\t\t\t\t<div class=\"elementor-element elementor-element-2259eca elementor-arrows-position-inside elementor-pagination-position-outside elementor-invisible elementor-widget elementor-widget-image-carousel\" data-id=\"2259eca\" data-element_type=\"widget\" data-settings=\"{&quot;slides_to_show&quot;:&quot;5&quot;,&quot;autoplay_speed&quot;:2000,&quot;image_spacing_custom&quot;:{&quot;unit&quot;:&quot;px&quot;,&quot;size&quot;:75,&quot;sizes&quot;:[]},&quot;_animation&quot;:&quot;zoomIn&quot;,&quot;navigation&quot;:&quot;both&quot;,&quot;autoplay&quot;:&quot;yes&quot;,&quot;pause_on_hover&quot;:&quot;yes&quot;,&quot;pause_on_interaction&quot;:&quot;yes&quot;,&quot;infinite&quot;:&quot;yes&quot;,&quot;speed&quot;:500,&quot;image_spacing_custom_tablet&quot;:{&quot;unit&quot;:&quot;px&quot;,&quot;size&quot;:&quot;&quot;,&quot;sizes&quot;:[]},&quot;image_spacing_custom_mobile&quot;:{&quot;unit&quot;:&quot;px&quot;,&quot;size&quot;:&quot;&quot;,&quot;sizes&quot;:[]}}\" data-widget_type=\"image-carousel.default\">\n\t\t\t\t<div class=\"elementor-widget-container\">\n\t\t\t<style>\/*! elementor - v3.18.0 - 04-12-2023 *\/\n.elementor-widget-image-carousel .swiper,.elementor-widget-image-carousel .swiper-container{position:static}.elementor-widget-image-carousel .swiper-container .swiper-slide figure,.elementor-widget-image-carousel .swiper .swiper-slide figure{line-height:inherit}.elementor-widget-image-carousel .swiper-slide{text-align:center}.elementor-image-carousel-wrapper:not(.swiper-container-initialized):not(.swiper-initialized) .swiper-slide{max-width:calc(100% \/ var(--e-image-carousel-slides-to-show, 3))}<\/style>            <div class=\"elementor-image-carousel-wrapper swiper\" dir=\"ltr\">\n                <div class=\"elementor-image-carousel swiper-wrapper\" aria-live=\"off\">\n\t\t\t\t\t\t\t\t\t\t<div class=\"swiper-slide\"><a data-elementor-open-lightbox=\"no\" href=\"http:\/\/www.mines-ales.fr\/\" target=\"_blank\"><figure class=\"swiper-slide-inner\"><img decoding=\"async\" class=\"swiper-slide-image\" src=\"https:\/\/wp.montpellier-omics-days.fr\/wp-content\/uploads\/2023\/11\/mines_ales_1_new_logo-scaled.jpg\" alt=\"MINES_Ales_EcoleIMT_CMJN-03-2017\" \/><\/figure><\/a><\/div><div class=\"swiper-slide\"><a data-elementor-open-lightbox=\"no\" href=\"http:\/\/www.umontpellier.fr\/\" target=\"_blank\"><figure class=\"swiper-slide-inner\"><img decoding=\"async\" class=\"swiper-slide-image\" src=\"https:\/\/wp.montpellier-omics-days.fr\/wp-content\/uploads\/2023\/11\/LOGO_original_RVB_WEB-1.png\" alt=\"LOGO_original_RVB_WEB-1\" \/><\/figure><\/a><\/div><div class=\"swiper-slide\"><a data-elementor-open-lightbox=\"no\" href=\"http:\/\/medecine.edu.umontpellier.fr\/\" target=\"_blank\"><figure class=\"swiper-slide-inner\"><img decoding=\"async\" class=\"swiper-slide-image\" src=\"https:\/\/wp.montpellier-omics-days.fr\/wp-content\/uploads\/2023\/11\/Medecine_logo_2015.jpg\" alt=\"Medecine_logo\" \/><\/figure><\/a><\/div><div class=\"swiper-slide\"><a data-elementor-open-lightbox=\"no\" href=\"https:\/\/informatique-fds.edu.umontpellier.fr\/etudiants\/offre-de-formation-lmd5\/masters-transdisciplinaires\/master-bioinformatique-ouverture-septembre-2021\/\" target=\"_blank\"><figure class=\"swiper-slide-inner\"><img decoding=\"async\" class=\"swiper-slide-image\" src=\"https:\/\/wp.montpellier-omics-days.fr\/wp-content\/uploads\/2023\/11\/Logo_Bioinfo.png\" alt=\"Logo_Bioinfo\" \/><\/figure><\/a><\/div><div class=\"swiper-slide\"><a data-elementor-open-lightbox=\"no\" href=\"http:\/\/informatique-fds.edu.umontpellier.fr\/\" target=\"_blank\"><figure class=\"swiper-slide-inner\"><img decoding=\"async\" class=\"swiper-slide-image\" src=\"https:\/\/wp.montpellier-omics-days.fr\/wp-content\/uploads\/2023\/11\/image-15466.jpg\" alt=\"image-15466\" \/><\/figure><\/a><\/div><div class=\"swiper-slide\"><a data-elementor-open-lightbox=\"no\" href=\"http:\/\/www.mathfds.univ-montp2.fr\/\" target=\"_blank\"><figure class=\"swiper-slide-inner\"><img decoding=\"async\" class=\"swiper-slide-image\" src=\"https:\/\/wp.montpellier-omics-days.fr\/wp-content\/uploads\/2023\/11\/logo_dpt_maths.png\" alt=\"logo_dpt_maths\" \/><\/figure><\/a><\/div><div class=\"swiper-slide\"><a data-elementor-open-lightbox=\"yes\" data-elementor-lightbox-slideshow=\"2259eca\" data-elementor-lightbox-title=\"EBiM_1\" data-e-action-hash=\"#elementor-action%3Aaction%3Dlightbox%26settings%3DeyJpZCI6NDQ4LCJ1cmwiOiJodHRwczpcL1wvd3AubW9udHBlbGxpZXItb21pY3MtZGF5cy5mclwvd3AtY29udGVudFwvdXBsb2Fkc1wvMjAyM1wvMTFcL0VCaU1fMS5wbmciLCJzbGlkZXNob3ciOiIyMjU5ZWNhIn0%3D\" href=\"https:\/\/wp.montpellier-omics-days.fr\/wp-content\/uploads\/2023\/11\/EBiM_1.png\"><figure class=\"swiper-slide-inner\"><img decoding=\"async\" class=\"swiper-slide-image\" src=\"https:\/\/wp.montpellier-omics-days.fr\/wp-content\/uploads\/2023\/11\/EBiM_1.png\" alt=\"EBiM_1\" \/><\/figure><\/a><\/div><div class=\"swiper-slide\"><a data-elementor-open-lightbox=\"no\" href=\"http:\/\/sciences.edu.umontpellier.fr\/\" target=\"_blank\"><figure class=\"swiper-slide-inner\"><img decoding=\"async\" class=\"swiper-slide-image\" src=\"https:\/\/wp.montpellier-omics-days.fr\/wp-content\/uploads\/2023\/11\/Faculte-des-Sciences-2022-RVB-scaled-2_copy1_copy.png\" alt=\"Faculte-des-Sciences-2022-RVB-scaled-2_copy1_copy\" \/><\/figure><\/a><\/div>                <\/div>\n\t\t\t\t\t\t\t\t\t                        <div class=\"swiper-pagination\"><\/div>\n\t\t\t\t\t\t\t\t\t\t                        <div class=\"elementor-swiper-button elementor-swiper-button-prev\">\n                            <i class=\"eicon-chevron-left\" aria-hidden=\"true\"><\/i>\n                            <span class=\"elementor-screen-only\">Pr\u00e9c\u00e9dent<\/span>\n                        <\/div>\n                        <div class=\"elementor-swiper-button elementor-swiper-button-next\">\n                            <i class=\"eicon-chevron-right\" aria-hidden=\"true\"><\/i>\n                            <span class=\"elementor-screen-only\">Suivant<\/span>\n                        <\/div>\n\t\t\t\t\t\t\t\t\t            <\/div>\n\t\t\t\t\t<\/div>\n\t\t\t\t<\/div>\n\t\t\t\t\t<\/div>\n\t\t\t\t<\/div>\n\t\t<div class=\"elementor-element elementor-element-1aa99ad e-flex e-con-boxed e-con e-parent\" data-id=\"1aa99ad\" data-element_type=\"container\" data-settings=\"{&quot;content_width&quot;:&quot;boxed&quot;}\" data-core-v316-plus=\"true\">\n\t\t\t\t\t<div class=\"e-con-inner\">\n\t\t\t\t<div class=\"elementor-element elementor-element-c92dbfa elementor-widget elementor-widget-spacer\" data-id=\"c92dbfa\" data-element_type=\"widget\" data-widget_type=\"spacer.default\">\n\t\t\t\t<div class=\"elementor-widget-container\">\n\t\t\t<style>\/*! elementor - v3.18.0 - 04-12-2023 *\/\n.elementor-column .elementor-spacer-inner{height:var(--spacer-size)}.e-con{--container-widget-width:100%}.e-con-inner>.elementor-widget-spacer,.e-con>.elementor-widget-spacer{width:var(--container-widget-width,var(--spacer-size));--align-self:var(--container-widget-align-self,initial);--flex-shrink:0}.e-con-inner>.elementor-widget-spacer>.elementor-widget-container,.e-con>.elementor-widget-spacer>.elementor-widget-container{height:100%;width:100%}.e-con-inner>.elementor-widget-spacer>.elementor-widget-container>.elementor-spacer,.e-con>.elementor-widget-spacer>.elementor-widget-container>.elementor-spacer{height:100%}.e-con-inner>.elementor-widget-spacer>.elementor-widget-container>.elementor-spacer>.elementor-spacer-inner,.e-con>.elementor-widget-spacer>.elementor-widget-container>.elementor-spacer>.elementor-spacer-inner{height:var(--container-widget-height,var(--spacer-size))}.e-con-inner>.elementor-widget-spacer.elementor-widget-empty,.e-con>.elementor-widget-spacer.elementor-widget-empty{position:relative;min-height:22px;min-width:22px}.e-con-inner>.elementor-widget-spacer.elementor-widget-empty .elementor-widget-empty-icon,.e-con>.elementor-widget-spacer.elementor-widget-empty .elementor-widget-empty-icon{position:absolute;top:0;bottom:0;left:0;right:0;margin:auto;padding:0;width:22px;height:22px}<\/style>\t\t<div class=\"elementor-spacer\">\n\t\t\t<div class=\"elementor-spacer-inner\"><\/div>\n\t\t<\/div>\n\t\t\t\t<\/div>\n\t\t\t\t<\/div>\n\t\t\t\t\t<\/div>\n\t\t\t\t<\/div>\n\t\t<div class=\"elementor-element elementor-element-b6fe28f e-flex e-con-boxed e-con e-parent\" data-id=\"b6fe28f\" data-element_type=\"container\" data-settings=\"{&quot;content_width&quot;:&quot;boxed&quot;}\" data-core-v316-plus=\"true\">\n\t\t\t\t\t<div class=\"e-con-inner\">\n\t\t\t\t<div class=\"elementor-element elementor-element-255f3cb elementor-widget elementor-widget-heading\" data-id=\"255f3cb\" data-element_type=\"widget\" data-widget_type=\"heading.default\">\n\t\t\t\t<div class=\"elementor-widget-container\">\n\t\t\t<h2 class=\"elementor-heading-title elementor-size-default\">Un grand merci \u00e0 nos partenaires 2023.<\/h2>\t\t<\/div>\n\t\t\t\t<\/div>\n\t\t\t\t\t<\/div>\n\t\t\t\t<\/div>\n\t\t\t\t\t\t\t<\/div>\n\t\t","protected":false},"excerpt":{"rendered":"<p>Un grand merci \u00e0 nos partenaires de toujours. Pr\u00e9c\u00e9dent Suivant Un grand merci \u00e0 nos partenaires 2023.<\/p>\n","protected":false},"author":1,"featured_media":0,"parent":0,"menu_order":0,"comment_status":"closed","ping_status":"closed","template":"","meta":{"footnotes":""},"class_list":["post-96","page","type-page","status-publish","hentry"],"yoast_head":"<!-- This site is optimized with the Yoast SEO plugin v21.6 - https:\/\/yoast.com\/wordpress\/plugins\/seo\/ -->\n<title>Partenaires - Montpellier Omics Days<\/title>\n<meta name=\"robots\" content=\"index, follow, max-snippet:-1, max-image-preview:large, max-video-preview:-1\" \/>\n<link rel=\"canonical\" href=\"https:\/\/wp.montpellier-omics-days.fr\/index.php\/partenaires\/\" \/>\n<meta property=\"og:locale\" content=\"fr_FR\" \/>\n<meta property=\"og:type\" content=\"article\" \/>\n<meta property=\"og:title\" content=\"Partenaires - Montpellier Omics Days\" \/>\n<meta property=\"og:description\" content=\"Un grand merci \u00e0 nos partenaires de toujours. Pr\u00e9c\u00e9dent Suivant Un grand merci \u00e0 nos partenaires 2023.\" \/>\n<meta property=\"og:url\" content=\"https:\/\/wp.montpellier-omics-days.fr\/index.php\/partenaires\/\" \/>\n<meta property=\"og:site_name\" content=\"Montpellier Omics Days\" \/>\n<meta property=\"article:publisher\" content=\"https:\/\/www.facebook.com\/Montpellier-Omics-Days-1873060296269162\/?hc_ref=ART2CxxlNvG5Twb-z2vJ-2f02VKC4frinCwRNSoZzTKQkDolA9V31lvD_zBEFz4gv64&amp;fref=nf\" \/>\n<meta property=\"article:modified_time\" content=\"2023-11-21T18:36:14+00:00\" \/>\n<meta property=\"og:image\" content=\"http:\/\/wp.montpellier-omics-days.fr\/wp-content\/uploads\/2023\/11\/mines_ales_1_new_logo-scaled.jpg\" \/>\n<meta name=\"twitter:card\" content=\"summary_large_image\" \/>\n<meta name=\"twitter:site\" content=\"@OmicsDays\" \/>\n<script type=\"application\/ld+json\" class=\"yoast-schema-graph\">{\"@context\":\"https:\/\/schema.org\",\"@graph\":[{\"@type\":\"WebPage\",\"@id\":\"https:\/\/wp.montpellier-omics-days.fr\/index.php\/partenaires\/\",\"url\":\"https:\/\/wp.montpellier-omics-days.fr\/index.php\/partenaires\/\",\"name\":\"Partenaires - Montpellier Omics Days\",\"isPartOf\":{\"@id\":\"https:\/\/wp.montpellier-omics-days.fr\/#website\"},\"datePublished\":\"2023-10-03T13:40:23+00:00\",\"dateModified\":\"2023-11-21T18:36:14+00:00\",\"breadcrumb\":{\"@id\":\"https:\/\/wp.montpellier-omics-days.fr\/index.php\/partenaires\/#breadcrumb\"},\"inLanguage\":\"fr-FR\",\"potentialAction\":[{\"@type\":\"ReadAction\",\"target\":[\"https:\/\/wp.montpellier-omics-days.fr\/index.php\/partenaires\/\"]}]},{\"@type\":\"BreadcrumbList\",\"@id\":\"https:\/\/wp.montpellier-omics-days.fr\/index.php\/partenaires\/#breadcrumb\",\"itemListElement\":[{\"@type\":\"ListItem\",\"position\":1,\"name\":\"Accueil\",\"item\":\"https:\/\/wp.montpellier-omics-days.fr\/\"},{\"@type\":\"ListItem\",\"position\":2,\"name\":\"Partenaires\"}]},{\"@type\":\"WebSite\",\"@id\":\"https:\/\/wp.montpellier-omics-days.fr\/#website\",\"url\":\"https:\/\/wp.montpellier-omics-days.fr\/\",\"name\":\"Montpellier Omics Days\",\"description\":\"\",\"publisher\":{\"@id\":\"https:\/\/wp.montpellier-omics-days.fr\/#organization\"},\"potentialAction\":[{\"@type\":\"SearchAction\",\"target\":{\"@type\":\"EntryPoint\",\"urlTemplate\":\"https:\/\/wp.montpellier-omics-days.fr\/?s={search_term_string}\"},\"query-input\":\"required name=search_term_string\"}],\"inLanguage\":\"fr-FR\"},{\"@type\":\"Organization\",\"@id\":\"https:\/\/wp.montpellier-omics-days.fr\/#organization\",\"name\":\"Montpellier Omics Days\",\"url\":\"https:\/\/wp.montpellier-omics-days.fr\/\",\"logo\":{\"@type\":\"ImageObject\",\"inLanguage\":\"fr-FR\",\"@id\":\"https:\/\/wp.montpellier-omics-days.fr\/#\/schema\/logo\/image\/\",\"url\":\"https:\/\/wp.montpellier-omics-days.fr\/wp-content\/uploads\/2023\/11\/logoMOD2023bonne_qualite-2.png\",\"contentUrl\":\"https:\/\/wp.montpellier-omics-days.fr\/wp-content\/uploads\/2023\/11\/logoMOD2023bonne_qualite-2.png\",\"width\":5371,\"height\":5371,\"caption\":\"Montpellier Omics Days\"},\"image\":{\"@id\":\"https:\/\/wp.montpellier-omics-days.fr\/#\/schema\/logo\/image\/\"},\"sameAs\":[\"https:\/\/www.facebook.com\/Montpellier-Omics-Days-1873060296269162\/?hc_ref=ART2CxxlNvG5Twb-z2vJ-2f02VKC4frinCwRNSoZzTKQkDolA9V31lvD_zBEFz4gv64&fref=nf\",\"https:\/\/twitter.com\/OmicsDays\",\"https:\/\/www.instagram.com\/omicsdays\/\"]}]}<\/script>\n<!-- \/ Yoast SEO plugin. -->","yoast_head_json":{"title":"Partenaires - Montpellier Omics Days","robots":{"index":"index","follow":"follow","max-snippet":"max-snippet:-1","max-image-preview":"max-image-preview:large","max-video-preview":"max-video-preview:-1"},"canonical":"https:\/\/wp.montpellier-omics-days.fr\/index.php\/partenaires\/","og_locale":"fr_FR","og_type":"article","og_title":"Partenaires - Montpellier Omics Days","og_description":"Un grand merci \u00e0 nos partenaires de toujours. Pr\u00e9c\u00e9dent Suivant Un grand merci \u00e0 nos partenaires 2023.","og_url":"https:\/\/wp.montpellier-omics-days.fr\/index.php\/partenaires\/","og_site_name":"Montpellier Omics Days","article_publisher":"https:\/\/www.facebook.com\/Montpellier-Omics-Days-1873060296269162\/?hc_ref=ART2CxxlNvG5Twb-z2vJ-2f02VKC4frinCwRNSoZzTKQkDolA9V31lvD_zBEFz4gv64&fref=nf","article_modified_time":"2023-11-21T18:36:14+00:00","og_image":[{"url":"http:\/\/wp.montpellier-omics-days.fr\/wp-content\/uploads\/2023\/11\/mines_ales_1_new_logo-scaled.jpg"}],"twitter_card":"summary_large_image","twitter_site":"@OmicsDays","schema":{"@context":"https:\/\/schema.org","@graph":[{"@type":"WebPage","@id":"https:\/\/wp.montpellier-omics-days.fr\/index.php\/partenaires\/","url":"https:\/\/wp.montpellier-omics-days.fr\/index.php\/partenaires\/","name":"Partenaires - Montpellier Omics Days","isPartOf":{"@id":"https:\/\/wp.montpellier-omics-days.fr\/#website"},"datePublished":"2023-10-03T13:40:23+00:00","dateModified":"2023-11-21T18:36:14+00:00","breadcrumb":{"@id":"https:\/\/wp.montpellier-omics-days.fr\/index.php\/partenaires\/#breadcrumb"},"inLanguage":"fr-FR","potentialAction":[{"@type":"ReadAction","target":["https:\/\/wp.montpellier-omics-days.fr\/index.php\/partenaires\/"]}]},{"@type":"BreadcrumbList","@id":"https:\/\/wp.montpellier-omics-days.fr\/index.php\/partenaires\/#breadcrumb","itemListElement":[{"@type":"ListItem","position":1,"name":"Accueil","item":"https:\/\/wp.montpellier-omics-days.fr\/"},{"@type":"ListItem","position":2,"name":"Partenaires"}]},{"@type":"WebSite","@id":"https:\/\/wp.montpellier-omics-days.fr\/#website","url":"https:\/\/wp.montpellier-omics-days.fr\/","name":"Montpellier Omics Days","description":"","publisher":{"@id":"https:\/\/wp.montpellier-omics-days.fr\/#organization"},"potentialAction":[{"@type":"SearchAction","target":{"@type":"EntryPoint","urlTemplate":"https:\/\/wp.montpellier-omics-days.fr\/?s={search_term_string}"},"query-input":"required name=search_term_string"}],"inLanguage":"fr-FR"},{"@type":"Organization","@id":"https:\/\/wp.montpellier-omics-days.fr\/#organization","name":"Montpellier Omics Days","url":"https:\/\/wp.montpellier-omics-days.fr\/","logo":{"@type":"ImageObject","inLanguage":"fr-FR","@id":"https:\/\/wp.montpellier-omics-days.fr\/#\/schema\/logo\/image\/","url":"https:\/\/wp.montpellier-omics-days.fr\/wp-content\/uploads\/2023\/11\/logoMOD2023bonne_qualite-2.png","contentUrl":"https:\/\/wp.montpellier-omics-days.fr\/wp-content\/uploads\/2023\/11\/logoMOD2023bonne_qualite-2.png","width":5371,"height":5371,"caption":"Montpellier Omics Days"},"image":{"@id":"https:\/\/wp.montpellier-omics-days.fr\/#\/schema\/logo\/image\/"},"sameAs":["https:\/\/www.facebook.com\/Montpellier-Omics-Days-1873060296269162\/?hc_ref=ART2CxxlNvG5Twb-z2vJ-2f02VKC4frinCwRNSoZzTKQkDolA9V31lvD_zBEFz4gv64&fref=nf","https:\/\/twitter.com\/OmicsDays","https:\/\/www.instagram.com\/omicsdays\/"]}]}},"_links":{"self":[{"href":"https:\/\/wp.montpellier-omics-days.fr\/index.php\/wp-json\/wp\/v2\/pages\/96","targetHints":{"allow":["GET"]}}],"collection":[{"href":"https:\/\/wp.montpellier-omics-days.fr\/index.php\/wp-json\/wp\/v2\/pages"}],"about":[{"href":"https:\/\/wp.montpellier-omics-days.fr\/index.php\/wp-json\/wp\/v2\/types\/page"}],"author":[{"embeddable":true,"href":"https:\/\/wp.montpellier-omics-days.fr\/index.php\/wp-json\/wp\/v2\/users\/1"}],"replies":[{"embeddable":true,"href":"https:\/\/wp.montpellier-omics-days.fr\/index.php\/wp-json\/wp\/v2\/comments?post=96"}],"version-history":[{"count":22,"href":"https:\/\/wp.montpellier-omics-days.fr\/index.php\/wp-json\/wp\/v2\/pages\/96\/revisions"}],"predecessor-version":[{"id":666,"href":"https:\/\/wp.montpellier-omics-days.fr\/index.php\/wp-json\/wp\/v2\/pages\/96\/revisions\/666"}],"wp:attachment":[{"href":"https:\/\/wp.montpellier-omics-days.fr\/index.php\/wp-json\/wp\/v2\/media?parent=96"}],"curies":[{"name":"wp","href":"https:\/\/api.w.org\/{rel}","templated":true}]}}