{"id":99,"date":"2023-10-03T15:40:23","date_gmt":"2023-10-03T13:40:23","guid":{"rendered":"http:\/\/wp.montpellier-omics-days.fr\/?page_id=99"},"modified":"2023-11-19T19:24:12","modified_gmt":"2023-11-19T18:24:12","slug":"contacts-acces","status":"publish","type":"page","link":"https:\/\/wp.montpellier-omics-days.fr\/index.php\/contacts-acces\/","title":{"rendered":"Acc\u00e8s"},"content":{"rendered":"\t\t<div data-elementor-type=\"wp-page\" data-elementor-id=\"99\" class=\"elementor elementor-99\">\n\t\t\t\t\t\t\t<div class=\"elementor-element elementor-element-d379a24 e-flex e-con-boxed e-con e-parent\" data-id=\"d379a24\" data-element_type=\"container\" data-settings=\"{&quot;content_width&quot;:&quot;boxed&quot;}\" data-core-v316-plus=\"true\">\n\t\t\t\t\t<div class=\"e-con-inner\">\n\t\t\t\t<div class=\"elementor-element elementor-element-4e161e4 elementor-widget elementor-widget-html\" data-id=\"4e161e4\" data-element_type=\"widget\" data-widget_type=\"html.default\">\n\t\t\t\t<div class=\"elementor-widget-container\">\n\t\t\t<div id=\"menu3\" class=\"tab-pane fade\" style=\"text-align:center;\">\r\n        <iframe src=\"https:\/\/www.google.com\/maps\/embed?pb=!1m18!1m12!1m3!1d721.9492661208437!2d3.8615146804604006!3d43.63158254893843!2m3!1f0!2f0!3f0!3m2!1i1024!2i768!4f13.1!3m3!1m2!1s0x12b6aede6a2f7ec3%3A0x14715e24ed076f4f!2sFacult%C3%A9+des+Sciences+de+Montpellier!5e0!3m2!1sfr!2sfr!4v1510617812718\" frameborder=\"0\" style=\"border:0; width: 100%; height: 50vh;\" allowfullscreen><\/iframe>\r\n      <\/div>\t\t<\/div>\n\t\t\t\t<\/div>\n\t\t\t\t\t<\/div>\n\t\t\t\t<\/div>\n\t\t<div class=\"elementor-element elementor-element-c93dd6d e-flex e-con-boxed e-con e-parent\" data-id=\"c93dd6d\" data-element_type=\"container\" data-settings=\"{&quot;content_width&quot;:&quot;boxed&quot;}\" data-core-v316-plus=\"true\">\n\t\t\t\t\t<div class=\"e-con-inner\">\n\t\t\t\t<div class=\"elementor-element elementor-element-dae96b8 elementor-widget elementor-widget-spacer\" data-id=\"dae96b8\" data-element_type=\"widget\" data-widget_type=\"spacer.default\">\n\t\t\t\t<div class=\"elementor-widget-container\">\n\t\t\t<style>\/*! elementor - v3.18.0 - 04-12-2023 *\/\n.elementor-column .elementor-spacer-inner{height:var(--spacer-size)}.e-con{--container-widget-width:100%}.e-con-inner>.elementor-widget-spacer,.e-con>.elementor-widget-spacer{width:var(--container-widget-width,var(--spacer-size));--align-self:var(--container-widget-align-self,initial);--flex-shrink:0}.e-con-inner>.elementor-widget-spacer>.elementor-widget-container,.e-con>.elementor-widget-spacer>.elementor-widget-container{height:100%;width:100%}.e-con-inner>.elementor-widget-spacer>.elementor-widget-container>.elementor-spacer,.e-con>.elementor-widget-spacer>.elementor-widget-container>.elementor-spacer{height:100%}.e-con-inner>.elementor-widget-spacer>.elementor-widget-container>.elementor-spacer>.elementor-spacer-inner,.e-con>.elementor-widget-spacer>.elementor-widget-container>.elementor-spacer>.elementor-spacer-inner{height:var(--container-widget-height,var(--spacer-size))}.e-con-inner>.elementor-widget-spacer.elementor-widget-empty,.e-con>.elementor-widget-spacer.elementor-widget-empty{position:relative;min-height:22px;min-width:22px}.e-con-inner>.elementor-widget-spacer.elementor-widget-empty .elementor-widget-empty-icon,.e-con>.elementor-widget-spacer.elementor-widget-empty .elementor-widget-empty-icon{position:absolute;top:0;bottom:0;left:0;right:0;margin:auto;padding:0;width:22px;height:22px}<\/style>\t\t<div class=\"elementor-spacer\">\n\t\t\t<div class=\"elementor-spacer-inner\"><\/div>\n\t\t<\/div>\n\t\t\t\t<\/div>\n\t\t\t\t<\/div>\n\t\t\t\t\t<\/div>\n\t\t\t\t<\/div>\n\t\t<div class=\"elementor-element elementor-element-697a3df e-flex e-con-boxed e-con e-parent\" data-id=\"697a3df\" data-element_type=\"container\" data-settings=\"{&quot;content_width&quot;:&quot;boxed&quot;}\" data-core-v316-plus=\"true\">\n\t\t\t\t\t<div class=\"e-con-inner\">\n\t\t\t\t<div class=\"elementor-element elementor-element-0eec9cf elementor-widget elementor-widget-text-editor\" data-id=\"0eec9cf\" data-element_type=\"widget\" data-widget_type=\"text-editor.default\">\n\t\t\t\t<div class=\"elementor-widget-container\">\n\t\t\t<style>\/*! elementor - v3.18.0 - 04-12-2023 *\/\n.elementor-widget-text-editor.elementor-drop-cap-view-stacked .elementor-drop-cap{background-color:#69727d;color:#fff}.elementor-widget-text-editor.elementor-drop-cap-view-framed .elementor-drop-cap{color:#69727d;border:3px solid;background-color:transparent}.elementor-widget-text-editor:not(.elementor-drop-cap-view-default) .elementor-drop-cap{margin-top:8px}.elementor-widget-text-editor:not(.elementor-drop-cap-view-default) .elementor-drop-cap-letter{width:1em;height:1em}.elementor-widget-text-editor .elementor-drop-cap{float:left;text-align:center;line-height:1;font-size:50px}.elementor-widget-text-editor .elementor-drop-cap-letter{display:inline-block}<\/style>\t\t\t\t<p>Universit\u00e9 de Montpellier<br \/>Facult\u00e9 des sciences<br \/>Place Eug\u00e8ne Bataillon<br \/>34090 Montpellier<\/p>\t\t\t\t\t\t<\/div>\n\t\t\t\t<\/div>\n\t\t\t\t\t<\/div>\n\t\t\t\t<\/div>\n\t\t<div class=\"elementor-element elementor-element-3a8e3a5 e-flex e-con-boxed e-con e-parent\" data-id=\"3a8e3a5\" data-element_type=\"container\" data-settings=\"{&quot;content_width&quot;:&quot;boxed&quot;}\" data-core-v316-plus=\"true\">\n\t\t\t\t\t<div class=\"e-con-inner\">\n\t\t\t\t<div class=\"elementor-element elementor-element-617acf6 elementor-widget elementor-widget-image\" data-id=\"617acf6\" data-element_type=\"widget\" data-widget_type=\"image.default\">\n\t\t\t\t<div class=\"elementor-widget-container\">\n\t\t\t<style>\/*! elementor - v3.18.0 - 04-12-2023 *\/\n.elementor-widget-image{text-align:center}.elementor-widget-image a{display:inline-block}.elementor-widget-image a img[src$=\".svg\"]{width:48px}.elementor-widget-image img{vertical-align:middle;display:inline-block}<\/style>\t\t\t\t\t\t\t\t\t\t\t\t<img fetchpriority=\"high\" decoding=\"async\" width=\"1957\" height=\"2048\" src=\"https:\/\/wp.montpellier-omics-days.fr\/wp-content\/uploads\/2023\/11\/Plan-du-campus-2021-1957x2048-1.jpg\" class=\"attachment-full size-full wp-image-260\" alt=\"\" srcset=\"https:\/\/wp.montpellier-omics-days.fr\/wp-content\/uploads\/2023\/11\/Plan-du-campus-2021-1957x2048-1.jpg 1957w, https:\/\/wp.montpellier-omics-days.fr\/wp-content\/uploads\/2023\/11\/Plan-du-campus-2021-1957x2048-1-287x300.jpg 287w, https:\/\/wp.montpellier-omics-days.fr\/wp-content\/uploads\/2023\/11\/Plan-du-campus-2021-1957x2048-1-979x1024.jpg 979w, https:\/\/wp.montpellier-omics-days.fr\/wp-content\/uploads\/2023\/11\/Plan-du-campus-2021-1957x2048-1-768x804.jpg 768w, https:\/\/wp.montpellier-omics-days.fr\/wp-content\/uploads\/2023\/11\/Plan-du-campus-2021-1957x2048-1-1468x1536.jpg 1468w\" sizes=\"(max-width: 1957px) 100vw, 1957px\" \/>\t\t\t\t\t\t\t\t\t\t\t\t\t\t\t<\/div>\n\t\t\t\t<\/div>\n\t\t\t\t\t<\/div>\n\t\t\t\t<\/div>\n\t\t<div class=\"elementor-element elementor-element-4fa9850 e-flex e-con-boxed e-con e-parent\" data-id=\"4fa9850\" data-element_type=\"container\" data-settings=\"{&quot;content_width&quot;:&quot;boxed&quot;}\" data-core-v316-plus=\"true\">\n\t\t\t\t\t<div class=\"e-con-inner\">\n\t\t\t\t<div class=\"elementor-element elementor-element-32e25a2 elementor-widget elementor-widget-spacer\" data-id=\"32e25a2\" data-element_type=\"widget\" data-widget_type=\"spacer.default\">\n\t\t\t\t<div class=\"elementor-widget-container\">\n\t\t\t\t\t<div class=\"elementor-spacer\">\n\t\t\t<div class=\"elementor-spacer-inner\"><\/div>\n\t\t<\/div>\n\t\t\t\t<\/div>\n\t\t\t\t<\/div>\n\t\t\t\t\t<\/div>\n\t\t\t\t<\/div>\n\t\t<div class=\"elementor-element elementor-element-5e5a45d e-flex e-con-boxed e-con e-parent\" data-id=\"5e5a45d\" data-element_type=\"container\" data-settings=\"{&quot;content_width&quot;:&quot;boxed&quot;}\" data-core-v316-plus=\"true\">\n\t\t\t\t\t<div class=\"e-con-inner\">\n\t\t\t\t<div class=\"elementor-element elementor-element-bab6f16 elementor-widget elementor-widget-text-editor\" data-id=\"bab6f16\" data-element_type=\"widget\" data-widget_type=\"text-editor.default\">\n\t\t\t\t<div class=\"elementor-widget-container\">\n\t\t\t\t\t\t\t<p><strong class=\"text-center\">Toutes les conf\u00e9rences auront lieu dans l&#8217;amphith\u00e9\u00e2tre Dumontet au B\u00e2timent 7<\/strong><\/p><p>\u00a0<\/p><p><strong class=\"text-center\">Depuis l&#8217;arr\u00eat de la ligne 1 de tramway &#8220;Universit\u00e9s des Sciences et Lettres&#8221; :<\/strong><\/p><p class=\"text-center\">\u00c0 la sortie du tramway, traversez la voie de sortie de bus derri\u00e8re l&#8217;arr\u00eat puis prenez le chemin pav\u00e9 et jalonn\u00e9 d&#8217;arbres.<br \/>Marchez jusqu&#8217;\u00e0 atteindre un rond-point (rouge et en forme de donut). Traversez la rue et prenez sur la droite dans le cheminement pi\u00e9ton.<br \/>Vous allez arriver \u00e0 l&#8217;entr\u00e9e de la facult\u00e9 des sciences.<\/p><p>\u00a0<\/p><p class=\"text-center\"><strong class=\"text-center\">Depuis la gare Montpellier Saint-Roch :<\/strong><\/p><p class=\"text-center\"><em><span style=\"text-decoration: underline;\"><a href=\"https:\/\/www.google.fr\/maps\/dir\/Gare+Saint-Roch,+Montpellier\/Universit%C3%A9s+des+Sciences+et+Lettres,+34090+Montpellier\/@43.6133076,3.8195644,13z\/data=!3m1!4b1!4m14!4m13!1m5!1m1!1s0x12b6afa6af37c1d9:0xf640f1c57e9b8351!2m2!1d3.8796677!2d43.6037443!1m5!1m1!1s0x12b6aee0bc187e0b:0x13ef7da84d9a35a9!2m2!1d3.8614191!2d43.6292128!3e0?entry=ttu\">Itin\u00e9raires Google Map<\/a><\/span><\/em><br \/>\u00c0 la sortie de la gare, dirigez-vous vers la station de la ligne 1 du tramway, face \u00e0 l&#8217;entr\u00e9e principale de la gare.<br \/>Prenez le tramway 1 direction Mosson. Descendez \u00e0 l&#8217;arr\u00eat &#8220;Universit\u00e9s des Sciences et Lettres&#8221; (8\u00e8me arr\u00eat depuis la gare).<br \/>\u00c0 la sortie du tramway, traversez la voie de sortie de bus derri\u00e8re l&#8217;arr\u00eat puis prenez le chemin pav\u00e9 et jalonn\u00e9 d&#8217;arbres.<br \/>Marchez jusqu&#8217;\u00e0 atteindre un rond-point (rouge et en forme de donut). Traversez la rue et prenez sur la droite dans le cheminement pi\u00e9ton.<br \/>Vous allez arriver \u00e0 l&#8217;entr\u00e9e de la facult\u00e9 des sciences.<\/p><p>\u00a0<\/p><p>Pour venir en transports en commun depuis un autre endroit de Montpellier, vous trouverez un\u00a0<span style=\"text-decoration: underline;\"><em><a href=\"https:\/\/www.tam-voyages.com\/ri\/?rub_code=4&amp;noscript=0\">calculateur d&#8217;itin\u00e9raires<\/a><\/em><\/span>\u00a0sur le site de la TaM. Utilisez la destination &#8220;Universit\u00e9s des Sciences et Lettres (Arr\u00eat)&#8221;.<\/p>\t\t\t\t\t\t<\/div>\n\t\t\t\t<\/div>\n\t\t\t\t\t<\/div>\n\t\t\t\t<\/div>\n\t\t\t\t\t\t\t<\/div>\n\t\t","protected":false},"excerpt":{"rendered":"<p>Universit\u00e9 de MontpellierFacult\u00e9 des sciencesPlace Eug\u00e8ne Bataillon34090 Montpellier Toutes les conf\u00e9rences auront lieu dans l&#8217;amphith\u00e9\u00e2tre Dumontet au B\u00e2timent 7 \u00a0 Depuis l&#8217;arr\u00eat de la ligne 1 de tramway &#8220;Universit\u00e9s des Sciences et Lettres&#8221; : \u00c0 la sortie du tramway, traversez la voie de sortie de bus derri\u00e8re l&#8217;arr\u00eat puis prenez le chemin pav\u00e9 et jalonn\u00e9 &hellip; <\/p>\n","protected":false},"author":1,"featured_media":0,"parent":0,"menu_order":0,"comment_status":"closed","ping_status":"closed","template":"","meta":{"footnotes":""},"class_list":["post-99","page","type-page","status-publish","hentry"],"yoast_head":"<!-- This site is optimized with the Yoast SEO plugin v21.6 - https:\/\/yoast.com\/wordpress\/plugins\/seo\/ -->\n<title>Acc\u00e8s - Montpellier Omics Days<\/title>\n<meta name=\"robots\" content=\"index, follow, max-snippet:-1, max-image-preview:large, max-video-preview:-1\" \/>\n<link rel=\"canonical\" href=\"https:\/\/wp.montpellier-omics-days.fr\/index.php\/contacts-acces\/\" \/>\n<meta property=\"og:locale\" content=\"fr_FR\" \/>\n<meta property=\"og:type\" content=\"article\" \/>\n<meta property=\"og:title\" content=\"Acc\u00e8s - Montpellier Omics Days\" \/>\n<meta property=\"og:description\" content=\"Universit\u00e9 de MontpellierFacult\u00e9 des sciencesPlace Eug\u00e8ne Bataillon34090 Montpellier Toutes les conf\u00e9rences auront lieu dans l&#8217;amphith\u00e9\u00e2tre Dumontet au B\u00e2timent 7 \u00a0 Depuis l&#8217;arr\u00eat de la ligne 1 de tramway &#8220;Universit\u00e9s des Sciences et Lettres&#8221; : \u00c0 la sortie du tramway, traversez la voie de sortie de bus derri\u00e8re l&#8217;arr\u00eat puis prenez le chemin pav\u00e9 et jalonn\u00e9 &hellip;\" \/>\n<meta property=\"og:url\" content=\"https:\/\/wp.montpellier-omics-days.fr\/index.php\/contacts-acces\/\" \/>\n<meta property=\"og:site_name\" content=\"Montpellier Omics Days\" \/>\n<meta property=\"article:publisher\" content=\"https:\/\/www.facebook.com\/Montpellier-Omics-Days-1873060296269162\/?hc_ref=ART2CxxlNvG5Twb-z2vJ-2f02VKC4frinCwRNSoZzTKQkDolA9V31lvD_zBEFz4gv64&amp;fref=nf\" \/>\n<meta property=\"article:modified_time\" content=\"2023-11-19T18:24:12+00:00\" \/>\n<meta property=\"og:image\" content=\"http:\/\/wp.montpellier-omics-days.fr\/wp-content\/uploads\/2023\/11\/Plan-du-campus-2021-1957x2048-1.jpg\" \/>\n<meta name=\"twitter:card\" content=\"summary_large_image\" \/>\n<meta name=\"twitter:site\" content=\"@OmicsDays\" \/>\n<meta name=\"twitter:label1\" content=\"Dur\u00e9e de lecture estim\u00e9e\" \/>\n\t<meta name=\"twitter:data1\" content=\"1 minute\" \/>\n<script type=\"application\/ld+json\" class=\"yoast-schema-graph\">{\"@context\":\"https:\/\/schema.org\",\"@graph\":[{\"@type\":\"WebPage\",\"@id\":\"https:\/\/wp.montpellier-omics-days.fr\/index.php\/contacts-acces\/\",\"url\":\"https:\/\/wp.montpellier-omics-days.fr\/index.php\/contacts-acces\/\",\"name\":\"Acc\u00e8s - Montpellier Omics Days\",\"isPartOf\":{\"@id\":\"https:\/\/wp.montpellier-omics-days.fr\/#website\"},\"datePublished\":\"2023-10-03T13:40:23+00:00\",\"dateModified\":\"2023-11-19T18:24:12+00:00\",\"breadcrumb\":{\"@id\":\"https:\/\/wp.montpellier-omics-days.fr\/index.php\/contacts-acces\/#breadcrumb\"},\"inLanguage\":\"fr-FR\",\"potentialAction\":[{\"@type\":\"ReadAction\",\"target\":[\"https:\/\/wp.montpellier-omics-days.fr\/index.php\/contacts-acces\/\"]}]},{\"@type\":\"BreadcrumbList\",\"@id\":\"https:\/\/wp.montpellier-omics-days.fr\/index.php\/contacts-acces\/#breadcrumb\",\"itemListElement\":[{\"@type\":\"ListItem\",\"position\":1,\"name\":\"Accueil\",\"item\":\"https:\/\/wp.montpellier-omics-days.fr\/\"},{\"@type\":\"ListItem\",\"position\":2,\"name\":\"Acc\u00e8s\"}]},{\"@type\":\"WebSite\",\"@id\":\"https:\/\/wp.montpellier-omics-days.fr\/#website\",\"url\":\"https:\/\/wp.montpellier-omics-days.fr\/\",\"name\":\"Montpellier Omics Days\",\"description\":\"\",\"publisher\":{\"@id\":\"https:\/\/wp.montpellier-omics-days.fr\/#organization\"},\"potentialAction\":[{\"@type\":\"SearchAction\",\"target\":{\"@type\":\"EntryPoint\",\"urlTemplate\":\"https:\/\/wp.montpellier-omics-days.fr\/?s={search_term_string}\"},\"query-input\":\"required name=search_term_string\"}],\"inLanguage\":\"fr-FR\"},{\"@type\":\"Organization\",\"@id\":\"https:\/\/wp.montpellier-omics-days.fr\/#organization\",\"name\":\"Montpellier Omics Days\",\"url\":\"https:\/\/wp.montpellier-omics-days.fr\/\",\"logo\":{\"@type\":\"ImageObject\",\"inLanguage\":\"fr-FR\",\"@id\":\"https:\/\/wp.montpellier-omics-days.fr\/#\/schema\/logo\/image\/\",\"url\":\"https:\/\/wp.montpellier-omics-days.fr\/wp-content\/uploads\/2023\/11\/logoMOD2023bonne_qualite-2.png\",\"contentUrl\":\"https:\/\/wp.montpellier-omics-days.fr\/wp-content\/uploads\/2023\/11\/logoMOD2023bonne_qualite-2.png\",\"width\":5371,\"height\":5371,\"caption\":\"Montpellier Omics Days\"},\"image\":{\"@id\":\"https:\/\/wp.montpellier-omics-days.fr\/#\/schema\/logo\/image\/\"},\"sameAs\":[\"https:\/\/www.facebook.com\/Montpellier-Omics-Days-1873060296269162\/?hc_ref=ART2CxxlNvG5Twb-z2vJ-2f02VKC4frinCwRNSoZzTKQkDolA9V31lvD_zBEFz4gv64&fref=nf\",\"https:\/\/twitter.com\/OmicsDays\",\"https:\/\/www.instagram.com\/omicsdays\/\"]}]}<\/script>\n<!-- \/ Yoast SEO plugin. -->","yoast_head_json":{"title":"Acc\u00e8s - Montpellier Omics Days","robots":{"index":"index","follow":"follow","max-snippet":"max-snippet:-1","max-image-preview":"max-image-preview:large","max-video-preview":"max-video-preview:-1"},"canonical":"https:\/\/wp.montpellier-omics-days.fr\/index.php\/contacts-acces\/","og_locale":"fr_FR","og_type":"article","og_title":"Acc\u00e8s - Montpellier Omics Days","og_description":"Universit\u00e9 de MontpellierFacult\u00e9 des sciencesPlace Eug\u00e8ne Bataillon34090 Montpellier Toutes les conf\u00e9rences auront lieu dans l&#8217;amphith\u00e9\u00e2tre Dumontet au B\u00e2timent 7 \u00a0 Depuis l&#8217;arr\u00eat de la ligne 1 de tramway &#8220;Universit\u00e9s des Sciences et Lettres&#8221; : \u00c0 la sortie du tramway, traversez la voie de sortie de bus derri\u00e8re l&#8217;arr\u00eat puis prenez le chemin pav\u00e9 et jalonn\u00e9 &hellip;","og_url":"https:\/\/wp.montpellier-omics-days.fr\/index.php\/contacts-acces\/","og_site_name":"Montpellier Omics Days","article_publisher":"https:\/\/www.facebook.com\/Montpellier-Omics-Days-1873060296269162\/?hc_ref=ART2CxxlNvG5Twb-z2vJ-2f02VKC4frinCwRNSoZzTKQkDolA9V31lvD_zBEFz4gv64&fref=nf","article_modified_time":"2023-11-19T18:24:12+00:00","og_image":[{"url":"http:\/\/wp.montpellier-omics-days.fr\/wp-content\/uploads\/2023\/11\/Plan-du-campus-2021-1957x2048-1.jpg"}],"twitter_card":"summary_large_image","twitter_site":"@OmicsDays","twitter_misc":{"Dur\u00e9e de lecture estim\u00e9e":"1 minute"},"schema":{"@context":"https:\/\/schema.org","@graph":[{"@type":"WebPage","@id":"https:\/\/wp.montpellier-omics-days.fr\/index.php\/contacts-acces\/","url":"https:\/\/wp.montpellier-omics-days.fr\/index.php\/contacts-acces\/","name":"Acc\u00e8s - Montpellier Omics Days","isPartOf":{"@id":"https:\/\/wp.montpellier-omics-days.fr\/#website"},"datePublished":"2023-10-03T13:40:23+00:00","dateModified":"2023-11-19T18:24:12+00:00","breadcrumb":{"@id":"https:\/\/wp.montpellier-omics-days.fr\/index.php\/contacts-acces\/#breadcrumb"},"inLanguage":"fr-FR","potentialAction":[{"@type":"ReadAction","target":["https:\/\/wp.montpellier-omics-days.fr\/index.php\/contacts-acces\/"]}]},{"@type":"BreadcrumbList","@id":"https:\/\/wp.montpellier-omics-days.fr\/index.php\/contacts-acces\/#breadcrumb","itemListElement":[{"@type":"ListItem","position":1,"name":"Accueil","item":"https:\/\/wp.montpellier-omics-days.fr\/"},{"@type":"ListItem","position":2,"name":"Acc\u00e8s"}]},{"@type":"WebSite","@id":"https:\/\/wp.montpellier-omics-days.fr\/#website","url":"https:\/\/wp.montpellier-omics-days.fr\/","name":"Montpellier Omics Days","description":"","publisher":{"@id":"https:\/\/wp.montpellier-omics-days.fr\/#organization"},"potentialAction":[{"@type":"SearchAction","target":{"@type":"EntryPoint","urlTemplate":"https:\/\/wp.montpellier-omics-days.fr\/?s={search_term_string}"},"query-input":"required name=search_term_string"}],"inLanguage":"fr-FR"},{"@type":"Organization","@id":"https:\/\/wp.montpellier-omics-days.fr\/#organization","name":"Montpellier Omics Days","url":"https:\/\/wp.montpellier-omics-days.fr\/","logo":{"@type":"ImageObject","inLanguage":"fr-FR","@id":"https:\/\/wp.montpellier-omics-days.fr\/#\/schema\/logo\/image\/","url":"https:\/\/wp.montpellier-omics-days.fr\/wp-content\/uploads\/2023\/11\/logoMOD2023bonne_qualite-2.png","contentUrl":"https:\/\/wp.montpellier-omics-days.fr\/wp-content\/uploads\/2023\/11\/logoMOD2023bonne_qualite-2.png","width":5371,"height":5371,"caption":"Montpellier Omics Days"},"image":{"@id":"https:\/\/wp.montpellier-omics-days.fr\/#\/schema\/logo\/image\/"},"sameAs":["https:\/\/www.facebook.com\/Montpellier-Omics-Days-1873060296269162\/?hc_ref=ART2CxxlNvG5Twb-z2vJ-2f02VKC4frinCwRNSoZzTKQkDolA9V31lvD_zBEFz4gv64&fref=nf","https:\/\/twitter.com\/OmicsDays","https:\/\/www.instagram.com\/omicsdays\/"]}]}},"_links":{"self":[{"href":"https:\/\/wp.montpellier-omics-days.fr\/index.php\/wp-json\/wp\/v2\/pages\/99","targetHints":{"allow":["GET"]}}],"collection":[{"href":"https:\/\/wp.montpellier-omics-days.fr\/index.php\/wp-json\/wp\/v2\/pages"}],"about":[{"href":"https:\/\/wp.montpellier-omics-days.fr\/index.php\/wp-json\/wp\/v2\/types\/page"}],"author":[{"embeddable":true,"href":"https:\/\/wp.montpellier-omics-days.fr\/index.php\/wp-json\/wp\/v2\/users\/1"}],"replies":[{"embeddable":true,"href":"https:\/\/wp.montpellier-omics-days.fr\/index.php\/wp-json\/wp\/v2\/comments?post=99"}],"version-history":[{"count":38,"href":"https:\/\/wp.montpellier-omics-days.fr\/index.php\/wp-json\/wp\/v2\/pages\/99\/revisions"}],"predecessor-version":[{"id":699,"href":"https:\/\/wp.montpellier-omics-days.fr\/index.php\/wp-json\/wp\/v2\/pages\/99\/revisions\/699"}],"wp:attachment":[{"href":"https:\/\/wp.montpellier-omics-days.fr\/index.php\/wp-json\/wp\/v2\/media?parent=99"}],"curies":[{"name":"wp","href":"https:\/\/api.w.org\/{rel}","templated":true}]}}